{"id":5645,"date":"2021-02-15T11:39:53","date_gmt":"2021-02-15T10:39:53","guid":{"rendered":"https:\/\/walking-food-tours.com\/circuit-gastronomique\/marseille-3h\/"},"modified":"2024-04-24T06:43:20","modified_gmt":"2024-04-24T05:43:20","slug":"marseille-essen-tour-3h","status":"publish","type":"product","link":"https:\/\/walking-food-tours.com\/de\/gastronomische-touren\/marseille-essen-tour-3h\/","title":{"rendered":"MARSEILLE ESSEN TOUR 3H"},"content":{"rendered":"","protected":false},"excerpt":{"rendered":"<p>Gourmet-Tour in Marseille<br \/>\nDauer: 3 Stunden<br \/>\n4 Personen Minimum<\/p>\n","protected":false},"featured_media":5647,"comment_status":"closed","ping_status":"closed","template":"","meta":[],"product_brand":[],"product_cat":[269],"product_tag":[],"class_list":{"0":"post-5645","1":"product","2":"type-product","3":"status-publish","4":"has-post-thumbnail","6":"product_cat-gastronomische-touren","7":"has-post-title","8":"has-post-date","9":"has-post-category","10":"has-post-tag","11":"has-post-comment","12":"has-post-author","13":"","15":"first","16":"instock","17":"virtual","18":"purchasable","19":"product-type-appointment"},"exclude_global_add_ons":false,"addons":[{"name":"Anzahl der Teilnehmer Erwachsene(n)","type":"input_multiplier","position":0,"required":true,"title_format":"label","description_enable":false,"description":"","placeholder_enable":false,"placeholder":"","display":"select","restrictions_type":"any_text","adjust_price":true,"price":"85","price_type":"flat_fee","restrictions":false,"min":0,"max":0,"options":[],"id":1713941001},{"name":"Kinder von 3 bis 12 Jahre alt","type":"input_multiplier","position":1,"required":false,"title_format":"label","description_enable":false,"description":"","placeholder_enable":false,"placeholder":"","display":"select","restrictions_type":"any_text","adjust_price":true,"price":"65","price_type":"flat_fee","restrictions":false,"min":0,"max":0,"options":[],"id":1713941002},{"name":"Baby - bis zu 3 Jahren (kostenlos)","type":"input_multiplier","position":2,"required":false,"title_format":"label","description_enable":false,"description":"","placeholder_enable":false,"placeholder":"","display":"select","restrictions_type":"any_text","adjust_price":true,"price":"","price_type":"flat_fee","restrictions":false,"min":0,"max":0,"options":[],"id":1713941003},{"name":"Haben Sie irgendwelche di\u00e4tetischen Einschr\u00e4nkungen?","type":"custom_text","position":3,"required":false,"title_format":"label","description_enable":false,"description":"","placeholder_enable":false,"placeholder":"","display":"select","restrictions_type":"any_text","adjust_price":false,"price":"","price_type":"flat_fee","restrictions":false,"min":0,"max":0,"options":[],"id":1713941004},{"name":"Name & Lieferadresse bei Geschenkgutschein(en)","type":"custom_text","position":4,"required":false,"title_format":"label","description_enable":false,"description":"","placeholder_enable":false,"placeholder":"","display":"select","restrictions_type":"any_text","adjust_price":false,"price":"","price_type":"flat_fee","restrictions":false,"min":0,"max":0,"options":[],"id":1713941005},{"name":"Wie haben Sie von uns erfahren?","type":"custom_text","position":5,"required":false,"title_format":"label","description_enable":false,"description":"","placeholder_enable":false,"placeholder":"","display":"select","restrictions_type":"any_text","adjust_price":false,"price":"","price_type":"flat_fee","restrictions":false,"min":0,"max":0,"options":[],"id":1713941006},{"name":"W\u00e4hlen Sie unten ein Datum, um die verf\u00fcgbaren Zeitfenster zu sehen - w\u00e4hlen Sie dann das Zeitfenster aus","type":"heading","position":6,"required":false,"title_format":"heading","description_enable":false,"description":"","placeholder_enable":false,"placeholder":"","display":"select","restrictions_type":"any_text","adjust_price":false,"price":"","price_type":"flat_fee","restrictions":false,"min":0,"max":0,"options":[],"id":1713941007}],"yoast_head":"<!-- This site is optimized with the Yoast SEO plugin v24.4 - https:\/\/yoast.com\/wordpress\/plugins\/seo\/ -->\n<title>MARSEILLE ESSEN TOUR 3H | Walking food tours.com<\/title>\n<meta name=\"robots\" content=\"index, follow, max-snippet:-1, max-image-preview:large, max-video-preview:-1\" \/>\n<link rel=\"canonical\" href=\"https:\/\/walking-food-tours.com\/de\/gastronomische-touren\/marseille-essen-tour-3h\/\" \/>\n<meta property=\"og:locale\" content=\"de_DE\" \/>\n<meta property=\"og:type\" content=\"article\" \/>\n<meta property=\"og:title\" content=\"MARSEILLE ESSEN TOUR 3H | Walking food tours.com\" \/>\n<meta property=\"og:description\" content=\"Gourmet-Tour in Marseille Dauer: 3 Stunden 4 Personen Minimum\" \/>\n<meta property=\"og:url\" content=\"https:\/\/walking-food-tours.com\/de\/gastronomische-touren\/marseille-essen-tour-3h\/\" \/>\n<meta property=\"og:site_name\" content=\"Walking food tours.com\" \/>\n<meta property=\"article:modified_time\" content=\"2024-04-24T05:43:20+00:00\" \/>\n<meta property=\"og:image\" content=\"https:\/\/walking-food-tours.com\/wp-content\/uploads\/2021\/02\/Marseille-food-tour-3h00.jpg\" \/>\n\t<meta property=\"og:image:width\" content=\"600\" \/>\n\t<meta property=\"og:image:height\" content=\"600\" \/>\n\t<meta property=\"og:image:type\" content=\"image\/jpeg\" \/>\n<meta name=\"twitter:card\" content=\"summary_large_image\" \/>\n<meta name=\"twitter:label1\" content=\"Gesch\u00e4tzte Lesezeit\" \/>\n\t<meta name=\"twitter:data1\" content=\"1\u00a0Minute\" \/>\n<script type=\"application\/ld+json\" class=\"yoast-schema-graph\">{\"@context\":\"https:\/\/schema.org\",\"@graph\":[{\"@type\":\"WebPage\",\"@id\":\"https:\/\/walking-food-tours.com\/de\/gastronomische-touren\/marseille-essen-tour-3h\/\",\"url\":\"https:\/\/walking-food-tours.com\/de\/gastronomische-touren\/marseille-essen-tour-3h\/\",\"name\":\"MARSEILLE ESSEN TOUR 3H | Walking food tours.com\",\"isPartOf\":{\"@id\":\"https:\/\/walking-food-tours.com\/#website\"},\"primaryImageOfPage\":{\"@id\":\"https:\/\/walking-food-tours.com\/de\/gastronomische-touren\/marseille-essen-tour-3h\/#primaryimage\"},\"image\":{\"@id\":\"https:\/\/walking-food-tours.com\/de\/gastronomische-touren\/marseille-essen-tour-3h\/#primaryimage\"},\"thumbnailUrl\":\"https:\/\/walking-food-tours.com\/wp-content\/uploads\/2021\/02\/Marseille-food-tour-3h00.jpg\",\"datePublished\":\"2021-02-15T10:39:53+00:00\",\"dateModified\":\"2024-04-24T05:43:20+00:00\",\"breadcrumb\":{\"@id\":\"https:\/\/walking-food-tours.com\/de\/gastronomische-touren\/marseille-essen-tour-3h\/#breadcrumb\"},\"inLanguage\":\"de\",\"potentialAction\":[{\"@type\":\"ReadAction\",\"target\":[\"https:\/\/walking-food-tours.com\/de\/gastronomische-touren\/marseille-essen-tour-3h\/\"]}]},{\"@type\":\"ImageObject\",\"inLanguage\":\"de\",\"@id\":\"https:\/\/walking-food-tours.com\/de\/gastronomische-touren\/marseille-essen-tour-3h\/#primaryimage\",\"url\":\"https:\/\/walking-food-tours.com\/wp-content\/uploads\/2021\/02\/Marseille-food-tour-3h00.jpg\",\"contentUrl\":\"https:\/\/walking-food-tours.com\/wp-content\/uploads\/2021\/02\/Marseille-food-tour-3h00.jpg\",\"width\":600,\"height\":600},{\"@type\":\"BreadcrumbList\",\"@id\":\"https:\/\/walking-food-tours.com\/de\/gastronomische-touren\/marseille-essen-tour-3h\/#breadcrumb\",\"itemListElement\":[{\"@type\":\"ListItem\",\"position\":1,\"name\":\"Accueil\",\"item\":\"https:\/\/walking-food-tours.com\/de\/\"},{\"@type\":\"ListItem\",\"position\":2,\"name\":\"Shop\",\"item\":\"https:\/\/walking-food-tours.com\/de\/shop\/\"},{\"@type\":\"ListItem\",\"position\":3,\"name\":\"MARSEILLE ESSEN TOUR 3H\"}]},{\"@type\":\"WebSite\",\"@id\":\"https:\/\/walking-food-tours.com\/#website\",\"url\":\"https:\/\/walking-food-tours.com\/\",\"name\":\"Walking food tours.com\",\"description\":\"Provence - Ausfl\u00fcge - ungew\u00f6hnliche Touren - gastronomische Exkursion - ein Tag auf See - Weinatelier - Weintour durch die Provence\",\"potentialAction\":[{\"@type\":\"SearchAction\",\"target\":{\"@type\":\"EntryPoint\",\"urlTemplate\":\"https:\/\/walking-food-tours.com\/?s={search_term_string}\"},\"query-input\":{\"@type\":\"PropertyValueSpecification\",\"valueRequired\":true,\"valueName\":\"search_term_string\"}}],\"inLanguage\":\"de\"}]}<\/script>\n<!-- \/ Yoast SEO plugin. -->","yoast_head_json":{"title":"MARSEILLE ESSEN TOUR 3H | Walking food tours.com","robots":{"index":"index","follow":"follow","max-snippet":"max-snippet:-1","max-image-preview":"max-image-preview:large","max-video-preview":"max-video-preview:-1"},"canonical":"https:\/\/walking-food-tours.com\/de\/gastronomische-touren\/marseille-essen-tour-3h\/","og_locale":"de_DE","og_type":"article","og_title":"MARSEILLE ESSEN TOUR 3H | Walking food tours.com","og_description":"Gourmet-Tour in Marseille Dauer: 3 Stunden 4 Personen Minimum","og_url":"https:\/\/walking-food-tours.com\/de\/gastronomische-touren\/marseille-essen-tour-3h\/","og_site_name":"Walking food tours.com","article_modified_time":"2024-04-24T05:43:20+00:00","og_image":[{"width":600,"height":600,"url":"https:\/\/walking-food-tours.com\/wp-content\/uploads\/2021\/02\/Marseille-food-tour-3h00.jpg","type":"image\/jpeg"}],"twitter_card":"summary_large_image","twitter_misc":{"Gesch\u00e4tzte Lesezeit":"1\u00a0Minute"},"schema":{"@context":"https:\/\/schema.org","@graph":[{"@type":"WebPage","@id":"https:\/\/walking-food-tours.com\/de\/gastronomische-touren\/marseille-essen-tour-3h\/","url":"https:\/\/walking-food-tours.com\/de\/gastronomische-touren\/marseille-essen-tour-3h\/","name":"MARSEILLE ESSEN TOUR 3H | Walking food tours.com","isPartOf":{"@id":"https:\/\/walking-food-tours.com\/#website"},"primaryImageOfPage":{"@id":"https:\/\/walking-food-tours.com\/de\/gastronomische-touren\/marseille-essen-tour-3h\/#primaryimage"},"image":{"@id":"https:\/\/walking-food-tours.com\/de\/gastronomische-touren\/marseille-essen-tour-3h\/#primaryimage"},"thumbnailUrl":"https:\/\/walking-food-tours.com\/wp-content\/uploads\/2021\/02\/Marseille-food-tour-3h00.jpg","datePublished":"2021-02-15T10:39:53+00:00","dateModified":"2024-04-24T05:43:20+00:00","breadcrumb":{"@id":"https:\/\/walking-food-tours.com\/de\/gastronomische-touren\/marseille-essen-tour-3h\/#breadcrumb"},"inLanguage":"de","potentialAction":[{"@type":"ReadAction","target":["https:\/\/walking-food-tours.com\/de\/gastronomische-touren\/marseille-essen-tour-3h\/"]}]},{"@type":"ImageObject","inLanguage":"de","@id":"https:\/\/walking-food-tours.com\/de\/gastronomische-touren\/marseille-essen-tour-3h\/#primaryimage","url":"https:\/\/walking-food-tours.com\/wp-content\/uploads\/2021\/02\/Marseille-food-tour-3h00.jpg","contentUrl":"https:\/\/walking-food-tours.com\/wp-content\/uploads\/2021\/02\/Marseille-food-tour-3h00.jpg","width":600,"height":600},{"@type":"BreadcrumbList","@id":"https:\/\/walking-food-tours.com\/de\/gastronomische-touren\/marseille-essen-tour-3h\/#breadcrumb","itemListElement":[{"@type":"ListItem","position":1,"name":"Accueil","item":"https:\/\/walking-food-tours.com\/de\/"},{"@type":"ListItem","position":2,"name":"Shop","item":"https:\/\/walking-food-tours.com\/de\/shop\/"},{"@type":"ListItem","position":3,"name":"MARSEILLE ESSEN TOUR 3H"}]},{"@type":"WebSite","@id":"https:\/\/walking-food-tours.com\/#website","url":"https:\/\/walking-food-tours.com\/","name":"Walking food tours.com","description":"Provence - Ausfl\u00fcge - ungew\u00f6hnliche Touren - gastronomische Exkursion - ein Tag auf See - Weinatelier - Weintour durch die Provence","potentialAction":[{"@type":"SearchAction","target":{"@type":"EntryPoint","urlTemplate":"https:\/\/walking-food-tours.com\/?s={search_term_string}"},"query-input":{"@type":"PropertyValueSpecification","valueRequired":true,"valueName":"search_term_string"}}],"inLanguage":"de"}]}},"_links":{"self":[{"href":"https:\/\/walking-food-tours.com\/de\/wp-json\/wp\/v2\/product\/5645","targetHints":{"allow":["GET"]}}],"collection":[{"href":"https:\/\/walking-food-tours.com\/de\/wp-json\/wp\/v2\/product"}],"about":[{"href":"https:\/\/walking-food-tours.com\/de\/wp-json\/wp\/v2\/types\/product"}],"replies":[{"embeddable":true,"href":"https:\/\/walking-food-tours.com\/de\/wp-json\/wp\/v2\/comments?post=5645"}],"wp:featuredmedia":[{"embeddable":true,"href":"https:\/\/walking-food-tours.com\/de\/wp-json\/wp\/v2\/media\/5647"}],"wp:attachment":[{"href":"https:\/\/walking-food-tours.com\/de\/wp-json\/wp\/v2\/media?parent=5645"}],"wp:term":[{"taxonomy":"product_brand","embeddable":true,"href":"https:\/\/walking-food-tours.com\/de\/wp-json\/wp\/v2\/product_brand?post=5645"},{"taxonomy":"product_cat","embeddable":true,"href":"https:\/\/walking-food-tours.com\/de\/wp-json\/wp\/v2\/product_cat?post=5645"},{"taxonomy":"product_tag","embeddable":true,"href":"https:\/\/walking-food-tours.com\/de\/wp-json\/wp\/v2\/product_tag?post=5645"}],"curies":[{"name":"wp","href":"https:\/\/api.w.org\/{rel}","templated":true}]}}