{"id":5119,"date":"2015-10-23T00:42:40","date_gmt":"2015-10-22T23:42:40","guid":{"rendered":"https:\/\/walking-food-tours.com\/foire-aux-questions\/"},"modified":"2021-05-10T13:53:33","modified_gmt":"2021-05-10T12:53:33","slug":"preguntas-frecuentes","status":"publish","type":"page","link":"https:\/\/walking-food-tours.com\/es\/preguntas-frecuentes\/","title":{"rendered":"PREGUNTAS FRECUENTES"},"content":{"rendered":"<!--themify_builder_content-->\n<div id=\"themify_builder_content-5119\" data-postid=\"5119\" class=\"themify_builder_content themify_builder_content-5119 themify_builder tf_clear\">\n                    <div  data-lazy=\"1\" class=\"module_row themify_builder_row tb_8kt0231 tb_first tf_w\">\n                        <div class=\"row_inner col_align_top tb_col_count_1 tf_box tf_rel\">\n                        <div  data-lazy=\"1\" class=\"module_column tb-column col-full tb_tcjn234 first\">\n                    <!-- module fancy heading -->\n<div  class=\"module module-fancy-heading tb_ti0e977 \" data-lazy=\"1\">\n        <h1 class=\"fancy-heading tf_textc\">\n    <span class=\"main-head tf_block\">\n                    FAQ - PREGUNTAS FRECUENTES            <\/span>\n\n    \n    <span class=\"sub-head tf_block tf_rel\">\n                                <\/span>\n    <\/h1>\n<\/div>\n<!-- \/module fancy heading -->\n<!-- module text -->\n<div  class=\"module module-text tb_rq1p307   \" data-lazy=\"1\">\n        <div  class=\"tb_text_wrap\">\n        <ol><li><ol><li><b> \u00bfPUEDO VENIR SIN RESERVA Y PAGAR IN SITU?<\/b><\/li><\/ol><p><span style=\"font-weight: 400;\">No. La reserva en l\u00ednea es obligatoria. Para reservar, s\u00f3lo tienes que elegir tu excursi\u00f3n y pagar en l\u00ednea por Paypal o con tarjeta de cr\u00e9dito con raya o suma. Quedamos a su disposici\u00f3n por correo electr\u00f3nico contact@walking.food.tours.com o por tel\u00e9fono +33 783 456 260 para responder a sus preguntas.<\/span><\/p><br \/><ol start=\"2\"><li><b> \u00bfQU\u00c9 DEBEMOS LLEVAR?<\/b><\/li><\/ol><p><span style=\"font-weight: 400;\">Su buen humor y su apetito. Nosotros nos encargamos del resto.<\/span><\/p><br \/><ol start=\"3\"><li><b> TENEMOS QUE CANCELAR, \u00bfQU\u00c9 DEBEMOS HACER?<\/b><\/li><\/ol><p><span style=\"font-weight: 400;\">Debe ponerse en contacto con nosotros lo antes posible por correo electr\u00f3nico contact@walking.food.tours.com o por tel\u00e9fono +33 783 456 260 . A continuaci\u00f3n, procederemos a su reembolso. Tenga en cuenta que no aceptamos cancelaciones en las \u00faltimas 72 horas.<\/span><\/p><br \/><ol start=\"4\"><li><b> TENEMOS UNA DIETA ESPECIAL, \u00bfPODEMOS HACER EL TOUR?<\/b><\/li><\/ol><p><span style=\"font-weight: 400;\">Por supuesto que s\u00ed. S\u00f3lo tiene que comunicarnos sus restricciones diet\u00e9ticas antes de la visita. Haremos todo lo posible para ofrecerle una alternativa. Sin embargo, tenga en cuenta que la disponibilidad de productos alternativos depende de nuestros artesanos y puede variar.<\/span><\/p><br \/><ol start=\"5\"><li><b> \u00bfSE PUEDE HACER UNA VISITA PRIVADA?<\/b><\/li><\/ol><p><span style=\"font-weight: 400;\">S\u00ed, nuestras visitas privadas est\u00e1n disponibles en ingl\u00e9s y franc\u00e9s. P\u00f3ngase en contacto con nosotros para que podamos ofrecerle una soluci\u00f3n adecuada.<\/span><\/p><br \/><ol start=\"6\"><li><b> \u00bfSON ESTAS EXCURSIONES GASTRON\u00d3MICAS ADECUADAS PARA LOS NI\u00d1OS?<\/b><\/li><\/ol><p><span style=\"font-weight: 400;\">Los ni\u00f1os son bienvenidos, pero dedicaremos tiempo a descubrir, degustar y discutir los productos. Tenga en cuenta que los no adultos deben ir acompa\u00f1ados de un adulto y no podr\u00e1n participar en las degustaciones de alcohol.\u00a0<\/span><\/p><br \/><ol start=\"7\"><li><b> \u00bfEN QU\u00c9 IDIOMAS SE REALIZAN LAS VISITAS?<\/b><\/li><\/ol><p><span style=\"font-weight: 400;\">Nuestras visitas est\u00e1n disponibles en ingl\u00e9s, franc\u00e9s y mandar\u00edn, s\u00f3lo tiene que dec\u00edrnoslo antes de la visita cuando haga la reserva.<\/span><\/p><br \/><ol start=\"8\"><li><b> \u00bfEL TOUR EST\u00c1 ADAPTADO A LAS PERSONAS DE MARSELLA Y AIX-EN-PROVENCE?<\/b><\/li><\/ol><p><span style=\"font-weight: 400;\">\u00a1Claro que s\u00ed! Este es nuestro reto: hacerle descubrir Marsella y Aix-en-Provence a trav\u00e9s de la gastronom\u00eda. Se sorprender\u00e1 de lo que descubrir\u00e1.<\/span><\/p><br \/><ol start=\"9\"><li><b> \u00bfQU\u00c9 HACEMOS EN CASO DE LLUVIA?<\/b><\/li><\/ol><p><span style=\"font-weight: 400;\">No importa si hace viento, llueve o nieva, nuestras excursiones estar\u00e1n aseguradas.<\/span><\/p><br \/><ol start=\"10\"><li><b> \u00bfCU\u00c1NTO SE CAMINA EN LAS EXCURSIONES?<\/b><\/li><\/ol><p><span style=\"font-weight: 400;\">Cubrimos una parte del centro hist\u00f3rico y la distancia total recorrida es muy peque\u00f1a para que todo el mundo pueda unirse a nuestro tour. Recuerde llevar calzado c\u00f3modo y ropa adecuada (las temperaturas pueden alcanzar los 40 \u00b0C). Adem\u00e1s, todas nuestras visitas son accesibles para personas con movilidad reducida.<\/span><\/p><br \/><ol start=\"11\"><li><b> \u00bfCU\u00c1NTAS PERSONAS HAY EN UN GRUPO?<\/b><\/li><\/ol><p><span style=\"font-weight: 400;\">Limitamos nuestras excursiones a un m\u00e1ximo de 12 personas para mayor comodidad y convivencia.<\/span><\/p><br \/><ol start=\"12\"><li><b> \u00bfHAY ACCESO A LOS ASEOS DURANTE EL RECORRIDO?<\/b><\/li><\/ol><p><span style=\"font-weight: 400;\">S\u00ed, tiene acceso a los aseos de los establecimientos asociados durante todo el recorrido.<\/span><\/p><br \/><ol start=\"13\"><li><b> \u00bfD\u00d3NDE EST\u00c1 EL PUNTO DE ENCUENTRO PARA LAS EXCURSIONES?<\/b><\/li><\/ol><p><span style=\"font-weight: 400;\">Marsella express 1h30 y Marsella 3h: Su gu\u00eda le esperar\u00e1 a la salida de la estaci\u00f3n de metro Vieux-Port &#8211; Quai des Belges bajo el paraguas met\u00e1lico de Norman Foster, junto a los puestos de pescado.<\/span><\/p><p><span style=\"font-weight: 400;\">Aix-en-Provence express 1h30 y Aix-en-Provence 3h: Frente al fresco de Paul C\u00e9zanne, al lado de la oficina de turismo, frente a la peque\u00f1a parada de tren de la plaza de la Rotonde<\/span><\/p><br \/><br \/><\/li><\/ol>    <\/div>\n<\/div>\n<!-- \/module text -->        <\/div>\n                        <\/div>\n        <\/div>\n        <\/div>\n<!--\/themify_builder_content-->","protected":false},"excerpt":{"rendered":"<p>FAQ &#8211; PREGUNTAS FRECUENTES \u00bfPUEDO VENIR SIN RESERVA Y PAGAR IN SITU? No. La reserva en l\u00ednea es obligatoria. Para reservar, s\u00f3lo tienes que elegir tu excursi\u00f3n y pagar en l\u00ednea por Paypal o con tarjeta de cr\u00e9dito con raya o suma. Quedamos a su disposici\u00f3n por correo electr\u00f3nico contact@walking.food.tours.com o por tel\u00e9fono +33 783 [&hellip;]<\/p>\n","protected":false},"author":2,"featured_media":0,"parent":0,"menu_order":0,"comment_status":"closed","ping_status":"closed","template":"","meta":{"footnotes":""},"class_list":["post-5119","page","type-page","status-publish","hentry","has-post-title","has-post-date","has-post-category","has-post-tag","has-post-comment","has-post-author",""],"yoast_head":"<!-- This site is optimized with the Yoast SEO plugin v24.4 - https:\/\/yoast.com\/wordpress\/plugins\/seo\/ -->\n<title>PREGUNTAS FRECUENTES<\/title>\n<meta name=\"description\" content=\"FAQ - PREGUNTAS FRECUENTES \u00bfPUEDO VENIR SIN RESERVA Y PAGAR IN SITU?No. La reserva en l\u00ednea es obligatoria. Para reservar, s\u00f3lo tienes que elegir tu\" \/>\n<meta name=\"robots\" content=\"index, follow, max-snippet:-1, max-image-preview:large, max-video-preview:-1\" \/>\n<link rel=\"canonical\" href=\"https:\/\/walking-food-tours.com\/es\/preguntas-frecuentes\/\" \/>\n<meta property=\"og:locale\" content=\"es_ES\" \/>\n<meta property=\"og:type\" content=\"article\" \/>\n<meta property=\"og:title\" content=\"PREGUNTAS FRECUENTES\" \/>\n<meta property=\"og:description\" content=\"FAQ - PREGUNTAS FRECUENTES \u00bfPUEDO VENIR SIN RESERVA Y PAGAR IN SITU?No. La reserva en l\u00ednea es obligatoria. Para reservar, s\u00f3lo tienes que elegir tu\" \/>\n<meta property=\"og:url\" content=\"https:\/\/walking-food-tours.com\/es\/preguntas-frecuentes\/\" \/>\n<meta property=\"og:site_name\" content=\"Walking food tours.com\" \/>\n<meta property=\"article:modified_time\" content=\"2021-05-10T12:53:33+00:00\" \/>\n<meta name=\"twitter:card\" content=\"summary_large_image\" \/>\n<meta name=\"twitter:label1\" content=\"Tiempo de lectura\" \/>\n\t<meta name=\"twitter:data1\" content=\"3 minutos\" \/>\n<script type=\"application\/ld+json\" class=\"yoast-schema-graph\">{\"@context\":\"https:\/\/schema.org\",\"@graph\":[{\"@type\":\"WebPage\",\"@id\":\"https:\/\/walking-food-tours.com\/es\/preguntas-frecuentes\/\",\"url\":\"https:\/\/walking-food-tours.com\/es\/preguntas-frecuentes\/\",\"name\":\"PREGUNTAS FRECUENTES\",\"isPartOf\":{\"@id\":\"https:\/\/walking-food-tours.com\/#website\"},\"datePublished\":\"2015-10-22T23:42:40+00:00\",\"dateModified\":\"2021-05-10T12:53:33+00:00\",\"description\":\"FAQ - PREGUNTAS FRECUENTES \u00bfPUEDO VENIR SIN RESERVA Y PAGAR IN SITU?No. La reserva en l\u00ednea es obligatoria. Para reservar, s\u00f3lo tienes que elegir tu\",\"breadcrumb\":{\"@id\":\"https:\/\/walking-food-tours.com\/es\/preguntas-frecuentes\/#breadcrumb\"},\"inLanguage\":\"es\",\"potentialAction\":[{\"@type\":\"ReadAction\",\"target\":[\"https:\/\/walking-food-tours.com\/es\/preguntas-frecuentes\/\"]}]},{\"@type\":\"BreadcrumbList\",\"@id\":\"https:\/\/walking-food-tours.com\/es\/preguntas-frecuentes\/#breadcrumb\",\"itemListElement\":[{\"@type\":\"ListItem\",\"position\":1,\"name\":\"Accueil\",\"item\":\"https:\/\/walking-food-tours.com\/es\/\"},{\"@type\":\"ListItem\",\"position\":2,\"name\":\"PREGUNTAS FRECUENTES\"}]},{\"@type\":\"WebSite\",\"@id\":\"https:\/\/walking-food-tours.com\/#website\",\"url\":\"https:\/\/walking-food-tours.com\/\",\"name\":\"Walking food tours.com\",\"description\":\"Provenza - excursiones - circuitos ins\u00f3litos - excursi\u00f3n gastron\u00f3mica - un d\u00eda en el mar - taller enol\u00f3gico - la ruta del vino de Provenza\",\"potentialAction\":[{\"@type\":\"SearchAction\",\"target\":{\"@type\":\"EntryPoint\",\"urlTemplate\":\"https:\/\/walking-food-tours.com\/?s={search_term_string}\"},\"query-input\":{\"@type\":\"PropertyValueSpecification\",\"valueRequired\":true,\"valueName\":\"search_term_string\"}}],\"inLanguage\":\"es\"}]}<\/script>\n<!-- \/ Yoast SEO plugin. -->","yoast_head_json":{"title":"PREGUNTAS FRECUENTES","description":"FAQ - PREGUNTAS FRECUENTES \u00bfPUEDO VENIR SIN RESERVA Y PAGAR IN SITU?No. La reserva en l\u00ednea es obligatoria. Para reservar, s\u00f3lo tienes que elegir tu","robots":{"index":"index","follow":"follow","max-snippet":"max-snippet:-1","max-image-preview":"max-image-preview:large","max-video-preview":"max-video-preview:-1"},"canonical":"https:\/\/walking-food-tours.com\/es\/preguntas-frecuentes\/","og_locale":"es_ES","og_type":"article","og_title":"PREGUNTAS FRECUENTES","og_description":"FAQ - PREGUNTAS FRECUENTES \u00bfPUEDO VENIR SIN RESERVA Y PAGAR IN SITU?No. La reserva en l\u00ednea es obligatoria. Para reservar, s\u00f3lo tienes que elegir tu","og_url":"https:\/\/walking-food-tours.com\/es\/preguntas-frecuentes\/","og_site_name":"Walking food tours.com","article_modified_time":"2021-05-10T12:53:33+00:00","twitter_card":"summary_large_image","twitter_misc":{"Tiempo de lectura":"3 minutos"},"schema":{"@context":"https:\/\/schema.org","@graph":[{"@type":"WebPage","@id":"https:\/\/walking-food-tours.com\/es\/preguntas-frecuentes\/","url":"https:\/\/walking-food-tours.com\/es\/preguntas-frecuentes\/","name":"PREGUNTAS FRECUENTES","isPartOf":{"@id":"https:\/\/walking-food-tours.com\/#website"},"datePublished":"2015-10-22T23:42:40+00:00","dateModified":"2021-05-10T12:53:33+00:00","description":"FAQ - PREGUNTAS FRECUENTES \u00bfPUEDO VENIR SIN RESERVA Y PAGAR IN SITU?No. La reserva en l\u00ednea es obligatoria. Para reservar, s\u00f3lo tienes que elegir tu","breadcrumb":{"@id":"https:\/\/walking-food-tours.com\/es\/preguntas-frecuentes\/#breadcrumb"},"inLanguage":"es","potentialAction":[{"@type":"ReadAction","target":["https:\/\/walking-food-tours.com\/es\/preguntas-frecuentes\/"]}]},{"@type":"BreadcrumbList","@id":"https:\/\/walking-food-tours.com\/es\/preguntas-frecuentes\/#breadcrumb","itemListElement":[{"@type":"ListItem","position":1,"name":"Accueil","item":"https:\/\/walking-food-tours.com\/es\/"},{"@type":"ListItem","position":2,"name":"PREGUNTAS FRECUENTES"}]},{"@type":"WebSite","@id":"https:\/\/walking-food-tours.com\/#website","url":"https:\/\/walking-food-tours.com\/","name":"Walking food tours.com","description":"Provenza - excursiones - circuitos ins\u00f3litos - excursi\u00f3n gastron\u00f3mica - un d\u00eda en el mar - taller enol\u00f3gico - la ruta del vino de Provenza","potentialAction":[{"@type":"SearchAction","target":{"@type":"EntryPoint","urlTemplate":"https:\/\/walking-food-tours.com\/?s={search_term_string}"},"query-input":{"@type":"PropertyValueSpecification","valueRequired":true,"valueName":"search_term_string"}}],"inLanguage":"es"}]}},"_links":{"self":[{"href":"https:\/\/walking-food-tours.com\/es\/wp-json\/wp\/v2\/pages\/5119","targetHints":{"allow":["GET"]}}],"collection":[{"href":"https:\/\/walking-food-tours.com\/es\/wp-json\/wp\/v2\/pages"}],"about":[{"href":"https:\/\/walking-food-tours.com\/es\/wp-json\/wp\/v2\/types\/page"}],"author":[{"embeddable":true,"href":"https:\/\/walking-food-tours.com\/es\/wp-json\/wp\/v2\/users\/2"}],"replies":[{"embeddable":true,"href":"https:\/\/walking-food-tours.com\/es\/wp-json\/wp\/v2\/comments?post=5119"}],"version-history":[{"count":0,"href":"https:\/\/walking-food-tours.com\/es\/wp-json\/wp\/v2\/pages\/5119\/revisions"}],"wp:attachment":[{"href":"https:\/\/walking-food-tours.com\/es\/wp-json\/wp\/v2\/media?parent=5119"}],"curies":[{"name":"wp","href":"https:\/\/api.w.org\/{rel}","templated":true}]}}